{"id":413,"date":"2014-03-13T16:57:35","date_gmt":"2014-03-13T14:57:35","guid":{"rendered":"http:\/\/bwgs.de\/?page_id=413"},"modified":"2024-10-05T07:04:50","modified_gmt":"2024-10-05T05:04:50","slug":"typografie-2","status":"publish","type":"page","link":"https:\/\/bwgs.de\/?page_id=413","title":{"rendered":"Typografie"},"content":{"rendered":"<div id=\"tdi_1\" class=\"tdc-zone\"><div class=\"tdc_zone tdi_2  wpb_row td-pb-row\"  >\n<style scoped>\n\/* custom css - generated by TagDiv Composer *\/\n\n\/* custom css - generated by TagDiv Composer *\/\n.tdi_2{\r\n                    min-height: 0;\r\n                }\n<\/style><div id=\"tdi_3\" class=\"tdc-row\"><div class=\"vc_row tdi_4  wpb_row td-pb-row\" >\n<style scoped>\n\/* custom css - generated by TagDiv Composer *\/\n\n\/* custom css - generated by TagDiv Composer *\/\n.tdi_4,\r\n                .tdi_4 .tdc-columns{\r\n                    min-height: 0;\r\n                }.tdi_4,\r\n\t\t\t\t.tdi_4 .tdc-columns{\r\n\t\t\t\t    display: block;\r\n\t\t\t\t}.tdi_4 .tdc-columns{\r\n\t\t\t\t    width: 100%;\r\n\t\t\t\t}.tdi_4:before,\r\n\t\t\t\t.tdi_4:after{\r\n\t\t\t\t    display: table;\r\n\t\t\t\t}\n<\/style><div class=\"vc_column tdi_6  wpb_column vc_column_container tdc-column td-pb-span12\">\n<style scoped>\n\/* custom css - generated by TagDiv Composer *\/\n\n\/* custom css - generated by TagDiv Composer *\/\n.tdi_6{\r\n                    vertical-align: baseline;\r\n                }.tdi_6 > .wpb_wrapper,\r\n\t\t\t\t.tdi_6 > .wpb_wrapper > .tdc-elements{\r\n\t\t\t\t    display: block;\r\n\t\t\t\t}.tdi_6 > .wpb_wrapper > .tdc-elements{\r\n\t\t\t\t    width: 100%;\r\n\t\t\t\t}.tdi_6 > .wpb_wrapper > .vc_row_inner{\r\n\t\t\t\t    width: auto;\r\n\t\t\t\t}.tdi_6 > .wpb_wrapper{\r\n\t\t\t\t    width: auto;\r\n\t\t\t\t    height: auto;\r\n\t\t\t\t}\n<\/style><div class=\"wpb_wrapper\" ><div class=\"td_block_wrap td_block_text_with_title tdi_7 tagdiv-type td-pb-border-top td_block_template_1\"  data-td-block-uid=\"tdi_7\" >\n<style>\n\n\/* inline tdc_css att - generated by TagDiv Composer *\/\n\n\/* phone *\/\n@media (max-width: 767px)\n{\n.tdi_7{\nwidth:330px !important;\n}\n}\n\n<\/style>\n<style>\n\/* custom css - generated by TagDiv Composer *\/\n.td_block_text_with_title{\r\n                  margin-bottom: 44px;\r\n                  -webkit-transform: translateZ(0);\r\n                  transform: translateZ(0);\r\n                }.td_block_text_with_title p:last-child{\r\n                  margin-bottom: 0;\r\n                }.tdi_7,\r\n                .tdi_7 p{\r\n\t\t\t        font-family:Oswald !important;\r\n\t\t        }\n<\/style><div class=\"td-block-title-wrap\"><\/div><div class=\"td_mod_wrap td-fix-index\"><p>Der Begriff Typografie oder Typographie (griechisch \u03c4\u03c5\u03c0\u03bf\u03b3\u03c1\u03b1\u03c6\u03af\u03b1 typograph\u00eda, von \u03c4\u03cd\u03c0\u03bf\u03c2 t\u00fdpos \u201aSchlag\u2018, \u201aAbdruck\u2018, \u201aFigur\u2018, \u201aTyp\u2018 und -grafie) l\u00e4sst sich auf mehrere Bereiche anwenden. Im engeren Sinne bezieht sich die Typografie auf die Kunst und das Handwerk des Druckens, bei dem mit beweglichen Lettern (Typen) die Texte zusammengesetzt werden, insbesondere in Hochdruckverfahren. In der Medientheorie steht Typografie f\u00fcr gedruckte Schrift in Abgrenzung zu Handschrift (Chirografie) und elektronischen sowie nicht literalen Texten. Meist bezeichnet Typografie heute jedoch den Gestaltungsprozess, der mittels Schrift, Bildern, Linien, Fl\u00e4chen und typografischem Raum auf Druckwerke und elektronische Medien angewendet wird, unabh\u00e4ngig von beweglichen Typen (Typografie f\u00fcr digitale Texte). Typografie umfasst nicht nur die Gestaltung eines Layouts und den Entwurf von Schriften. Vielmehr kann man den Begriff bis zur richtigen Auswahl des Papiers oder des Einbands ausweiten und sogar von typografischer Kalligrafie oder kalligrafischer Typografie sprechen. Die gestalterischen Merkmale des Schriftsatzes einer Druckseite unterteilt man in Mikrotypografie und Makrotypografie. Die Kunst des Typografen besteht darin, diese Gestaltungsmerkmale in geeigneter Weise zu kombinieren. (Quelle Wikipedia)<\/p>\n<\/div><\/div><\/div><\/div><\/div><\/div><\/div><\/div>","protected":false},"excerpt":{"rendered":"","protected":false},"author":1,"featured_media":0,"parent":0,"menu_order":0,"comment_status":"closed","ping_status":"closed","template":"","meta":{"footnotes":""},"class_list":["post-413","page","type-page","status-publish"],"_links":{"self":[{"href":"https:\/\/bwgs.de\/index.php?rest_route=\/wp\/v2\/pages\/413","targetHints":{"allow":["GET"]}}],"collection":[{"href":"https:\/\/bwgs.de\/index.php?rest_route=\/wp\/v2\/pages"}],"about":[{"href":"https:\/\/bwgs.de\/index.php?rest_route=\/wp\/v2\/types\/page"}],"author":[{"embeddable":true,"href":"https:\/\/bwgs.de\/index.php?rest_route=\/wp\/v2\/users\/1"}],"replies":[{"embeddable":true,"href":"https:\/\/bwgs.de\/index.php?rest_route=%2Fwp%2Fv2%2Fcomments&post=413"}],"version-history":[{"count":1,"href":"https:\/\/bwgs.de\/index.php?rest_route=\/wp\/v2\/pages\/413\/revisions"}],"predecessor-version":[{"id":3276,"href":"https:\/\/bwgs.de\/index.php?rest_route=\/wp\/v2\/pages\/413\/revisions\/3276"}],"wp:attachment":[{"href":"https:\/\/bwgs.de\/index.php?rest_route=%2Fwp%2Fv2%2Fmedia&parent=413"}],"curies":[{"name":"wp","href":"https:\/\/api.w.org\/{rel}","templated":true}]}}