{"id":331,"date":"2014-03-13T14:48:32","date_gmt":"2014-03-13T12:48:32","guid":{"rendered":"http:\/\/bwgs.de\/?page_id=331"},"modified":"2024-10-05T06:52:19","modified_gmt":"2024-10-05T04:52:19","slug":"marketing","status":"publish","type":"page","link":"https:\/\/bwgs.de\/?page_id=331","title":{"rendered":"Marketing"},"content":{"rendered":"<div id=\"tdi_1\" class=\"tdc-zone\"><div class=\"tdc_zone tdi_2  wpb_row td-pb-row\"  >\n<style scoped>\n\/* custom css - generated by TagDiv Composer *\/\n\n\/* custom css - generated by TagDiv Composer *\/\n.tdi_2{\r\n                    min-height: 0;\r\n                }\n<\/style><div id=\"tdi_3\" class=\"tdc-row\"><div class=\"vc_row tdi_4  wpb_row td-pb-row\" >\n<style scoped>\n\/* custom css - generated by TagDiv Composer *\/\n\n\/* custom css - generated by TagDiv Composer *\/\n.tdi_4,\r\n                .tdi_4 .tdc-columns{\r\n                    min-height: 0;\r\n                }.tdi_4,\r\n\t\t\t\t.tdi_4 .tdc-columns{\r\n\t\t\t\t    display: block;\r\n\t\t\t\t}.tdi_4 .tdc-columns{\r\n\t\t\t\t    width: 100%;\r\n\t\t\t\t}.tdi_4:before,\r\n\t\t\t\t.tdi_4:after{\r\n\t\t\t\t    display: table;\r\n\t\t\t\t}\n<\/style><div class=\"vc_column tdi_6  wpb_column vc_column_container tdc-column td-pb-span12\">\n<style scoped>\n\/* custom css - generated by TagDiv Composer *\/\n\n\/* custom css - generated by TagDiv Composer *\/\n.tdi_6{\r\n                    vertical-align: baseline;\r\n                }.tdi_6 > .wpb_wrapper,\r\n\t\t\t\t.tdi_6 > .wpb_wrapper > .tdc-elements{\r\n\t\t\t\t    display: block;\r\n\t\t\t\t}.tdi_6 > .wpb_wrapper > .tdc-elements{\r\n\t\t\t\t    width: 100%;\r\n\t\t\t\t}.tdi_6 > .wpb_wrapper > .vc_row_inner{\r\n\t\t\t\t    width: auto;\r\n\t\t\t\t}.tdi_6 > .wpb_wrapper{\r\n\t\t\t\t    width: auto;\r\n\t\t\t\t    height: auto;\r\n\t\t\t\t}\n<\/style><div class=\"wpb_wrapper\" ><div class=\"td_block_wrap td_block_text_with_title tdi_7 tagdiv-type td-pb-border-top td_block_template_1\"  data-td-block-uid=\"tdi_7\" >\n<style>\n\n\/* inline tdc_css att - generated by TagDiv Composer *\/\n\n\/* phone *\/\n@media (max-width: 767px)\n{\n.tdi_7{\nwidth:330px !important;\n}\n}\n\n<\/style>\n<style>\n\/* custom css - generated by TagDiv Composer *\/\n.td_block_text_with_title{\r\n                  margin-bottom: 44px;\r\n                  -webkit-transform: translateZ(0);\r\n                  transform: translateZ(0);\r\n                }.td_block_text_with_title p:last-child{\r\n                  margin-bottom: 0;\r\n                }.tdi_7,\r\n                .tdi_7 p{\r\n\t\t\t        font-family:Oswald !important;\r\n\t\t        }\n<\/style><div class=\"td-block-title-wrap\"><\/div><div class=\"td_mod_wrap td-fix-index\"><p><span style=\"color: #000000;\"><a style=\"color: #000000;\" title=\"Lago Bowling Center Karlsruhe\" href=\"http:\/\/www.lago-bowling.de\" target=\"_blank\" rel=\"noopener\">Mit dem Marketing-Mix werden Marketingstrategien oder Marketingpl\u00e4ne in konkrete Aktionen umgesetzt. Die vier klassischen Instrumente des Marketing-Mix sind die sogenannten vier \u201eP\u201c \u2013 (englisch f\u00fcr Product, Price, Place, Promotion). Dies entspricht im Deutschen der Produkt-, Preis- (bzw. Konditionen- oder Kontrahierungs-), Vertriebs- und Kommunikationspolitik. Diese Einteilung wurde erstmals um 1960 von Jerome McCarthy vorgeschlagen.[1] Manche Autoren f\u00fcgen weitere \u201ePs\u201c wie zum Beispiel People\/Personal, Processes oder Physical Facilities \u201aPhysisches Umfeld\u2018 zu dieser Definition hinzu, insbesondere f\u00fcr das Dienstleistungsmarketing, das in vieler Hinsicht anders als das klassische Produktmarketing sein muss.[2] Beispiele: ein hochinnovatives Mobiltelefon (Produkt), das hochpreisig (Preis) nur \u00fcber einen Mobilfunk-Anbieter vertrieben wird (Distribution) und \u00fcber intensive \u00d6ffentlichkeitsarbeit, Fernsehwerbung und Internet-Seiten beworben wird (Kommunikation) \u2026 oder \u2026 eine mit Test \u201esehr gut\u201c ausgezeichnete Standard-Margarine (Produkt), die g\u00fcnstig (Preis) als Eigenmarke im Lebensmittel-Discount vertrieben wird (Distribution) und gelegentlich in Angebotsflyer im Markt oder per Hausverteilung beworben wird (Promotion). (Quelle: Wikipedia)<\/a><\/span><\/p>\n<\/div><\/div><\/div><\/div><\/div><\/div><\/div><\/div>","protected":false},"excerpt":{"rendered":"","protected":false},"author":1,"featured_media":0,"parent":0,"menu_order":0,"comment_status":"closed","ping_status":"closed","template":"","meta":{"footnotes":""},"class_list":["post-331","page","type-page","status-publish"],"_links":{"self":[{"href":"https:\/\/bwgs.de\/index.php?rest_route=\/wp\/v2\/pages\/331","targetHints":{"allow":["GET"]}}],"collection":[{"href":"https:\/\/bwgs.de\/index.php?rest_route=\/wp\/v2\/pages"}],"about":[{"href":"https:\/\/bwgs.de\/index.php?rest_route=\/wp\/v2\/types\/page"}],"author":[{"embeddable":true,"href":"https:\/\/bwgs.de\/index.php?rest_route=\/wp\/v2\/users\/1"}],"replies":[{"embeddable":true,"href":"https:\/\/bwgs.de\/index.php?rest_route=%2Fwp%2Fv2%2Fcomments&post=331"}],"version-history":[{"count":1,"href":"https:\/\/bwgs.de\/index.php?rest_route=\/wp\/v2\/pages\/331\/revisions"}],"predecessor-version":[{"id":3257,"href":"https:\/\/bwgs.de\/index.php?rest_route=\/wp\/v2\/pages\/331\/revisions\/3257"}],"wp:attachment":[{"href":"https:\/\/bwgs.de\/index.php?rest_route=%2Fwp%2Fv2%2Fmedia&parent=331"}],"curies":[{"name":"wp","href":"https:\/\/api.w.org\/{rel}","templated":true}]}}