{"id":295,"date":"2014-03-13T14:22:08","date_gmt":"2014-03-13T12:22:08","guid":{"rendered":"http:\/\/bwgs.de\/?page_id=295"},"modified":"2024-10-05T06:43:05","modified_gmt":"2024-10-05T04:43:05","slug":"display","status":"publish","type":"page","link":"https:\/\/bwgs.de\/?page_id=295","title":{"rendered":"Display"},"content":{"rendered":"<div id=\"tdi_1\" class=\"tdc-zone\"><div class=\"tdc_zone tdi_2  wpb_row td-pb-row\"  >\n<style scoped>\n\/* custom css - generated by TagDiv Composer *\/\n\n\/* custom css - generated by TagDiv Composer *\/\n.tdi_2{\r\n                    min-height: 0;\r\n                }\n<\/style><div id=\"tdi_3\" class=\"tdc-row\"><div class=\"vc_row tdi_4  wpb_row td-pb-row\" >\n<style scoped>\n\/* custom css - generated by TagDiv Composer *\/\n\n\/* custom css - generated by TagDiv Composer *\/\n.tdi_4,\r\n                .tdi_4 .tdc-columns{\r\n                    min-height: 0;\r\n                }.tdi_4,\r\n\t\t\t\t.tdi_4 .tdc-columns{\r\n\t\t\t\t    display: block;\r\n\t\t\t\t}.tdi_4 .tdc-columns{\r\n\t\t\t\t    width: 100%;\r\n\t\t\t\t}.tdi_4:before,\r\n\t\t\t\t.tdi_4:after{\r\n\t\t\t\t    display: table;\r\n\t\t\t\t}\n<\/style><div class=\"vc_column tdi_6  wpb_column vc_column_container tdc-column td-pb-span12\">\n<style scoped>\n\/* custom css - generated by TagDiv Composer *\/\n\n\/* custom css - generated by TagDiv Composer *\/\n.tdi_6{\r\n                    vertical-align: baseline;\r\n                }.tdi_6 > .wpb_wrapper,\r\n\t\t\t\t.tdi_6 > .wpb_wrapper > .tdc-elements{\r\n\t\t\t\t    display: block;\r\n\t\t\t\t}.tdi_6 > .wpb_wrapper > .tdc-elements{\r\n\t\t\t\t    width: 100%;\r\n\t\t\t\t}.tdi_6 > .wpb_wrapper > .vc_row_inner{\r\n\t\t\t\t    width: auto;\r\n\t\t\t\t}.tdi_6 > .wpb_wrapper{\r\n\t\t\t\t    width: auto;\r\n\t\t\t\t    height: auto;\r\n\t\t\t\t}\n<\/style><div class=\"wpb_wrapper\" ><div class=\"td_block_wrap td_block_text_with_title tdi_7 tagdiv-type td-pb-border-top td_block_template_1\"  data-td-block-uid=\"tdi_7\" >\n<style>\n\n\/* inline tdc_css att - generated by TagDiv Composer *\/\n\n\/* phone *\/\n@media (max-width: 767px)\n{\n.tdi_7{\nwidth:330px !important;\n}\n}\n\n<\/style>\n<style>\n\/* custom css - generated by TagDiv Composer *\/\n.td_block_text_with_title{\r\n                  margin-bottom: 44px;\r\n                  -webkit-transform: translateZ(0);\r\n                  transform: translateZ(0);\r\n                }.td_block_text_with_title p:last-child{\r\n                  margin-bottom: 0;\r\n                }.tdi_7,\r\n                .tdi_7 p{\r\n\t\t\t        font-family:Oswald !important;\r\n\t\t        }\n<\/style><div class=\"td-block-title-wrap\"><\/div><div class=\"td_mod_wrap td-fix-index\"><p>Ein Display ist eine marketingorientierte Gro\u00dfverpackung zur Verkaufsf\u00f6rderung. Sie wird im Einzelhandel h\u00e4ufig eingesetzt zur Pr\u00e4sentation von Kleinartikeln, von Artikeln f\u00fcr den Spontankauf (siehe auch Quengelware), von Saisonartikeln (z. B. Adventskalender). Displays stehen meist im Laden bzw. am Point of Sale; seltener werden sie in einem Schaufenster zur Warenpr\u00e4sentation eingesetzt. Das Display ist meist eine karton\u00e4hnliche halboffene Verpackung, h\u00e4ufig aus Wellpappe oder Pappe, die es dem Kunden erm\u00f6glicht, die Ware gut zu sehen und leicht dem Display zu entnehmen. Displays haben oft eine r\u00fcckw\u00e4rtige Aufstellwand (Plakat), die das Display nach hinten abgrenzt und Platz f\u00fcr Werbeaussagen bietet. Diese R\u00fcckwand nennt man Backcard. Sie ist bei Paletten-Displays oft Teil der Umverpackung und wird beim Aufstellen aufgerichtet (zuvor ist sie aus Transportgr\u00fcnden eingeklappt). Es handelt sich insofern um eine Gro\u00dfverpackung, als dass die Packungsgr\u00f6\u00dfe so gro\u00df ist, dass die Packung vom Kunden \u00fcblicherweise nicht vollst\u00e4ndig gekauft wird, daher ist ein Display mehr als eine blo\u00dfe Umverpackung. Displays k\u00f6nnen auch aus Metall, Kunststoff oder Holz bzw. aus mehreren dieser Materialien bestehen. Man unterscheidet Boden-Displays (auch Bodenaufsteller genannt), Theken-Displays (stehen auf einer Verkaufstheke, z. B. der Wursttheke). Auch Thekenaufsteller mit Produkten zum Testen gelten als Displays. Regal-Displays. Palettendisplays werden mit Ware bef\u00fcllt (\u201ekonfektioniert\u201c) angeliefert. Sie sind Versandverpackung und Warenpr\u00e4senter. Standardisierte Grundfl\u00e4chen sind 40 x 60 cm (\u201e1\/4-Palette\u201c) oder 60 x 80 cm (halbe Palette, auch Displaypalette, EUR 6-Palette oder D\u00fcsseldorfer Palette genannt). Daneben gibt es nicht-standardisierte Paletten in Displays. Man unterscheidet Einweg- und Mehrwegpaletten. Displays werden insbesondere zur auff\u00e4lligen und verkaufsf\u00f6rdernden Zweitplatzierung eines Artikels im Verkaufsraum oder vor den Kassen verwendet. Sie dienen insbesondere dem Verkauf von S\u00fc\u00dfwaren; zudem gibt es Displays f\u00fcr fast alle Warenkategorien im Lebensmitteleinzel- und im Drogeriehandel. Zweitplatzierung bedeutet, dass ein Artikel an seinem \u201aStammplatz\u2018 im Regal und zudem an einem zweiten Ort der Verkaufsfl\u00e4che platziert wird. Besonders hochwertige bzw. hochpreisige Produkte \u2013 z. B. Parfums \u2013 werden oft in hochwertig anmutenden Displays aus Metall oder Acrylglas pr\u00e4sentiert und verkauft. Displays werden oft in Verbindung mit anderen Ma\u00dfnahmen (z. B. Deckenh\u00e4ngern) zur Verkaufsf\u00f6rderung im Zuge einer Werbekampagne im Verkaufsraum eingesetzt. Oft stellen Markenartikelfirmen dem Handel Displays kostenlos zur Verf\u00fcgung. Je nach Marktsituation k\u00f6nnen H\u00e4ndler eine Display-Aufstellgeb\u00fchr verlangen. Bei Produkten mit hohen Margen haben H\u00e4ndler ein hohes Interesse am Verkauf der Waren (siehe auch Push-Pull-Strategie). Displays haben eine begrenzte Lebensdauer. Die Entsorgung von Papp-Displays ist f\u00fcr den Handel besonders einfach (Altpapier und Altpappe sind heute ein Wirtschaftsgut, das einen Preis hat); die Displays k\u00f6nnen u.U. auch zusammengefaltet und f\u00fcr den n\u00e4chsten Einsatz zwischengelagert werden. (Quelle: Wikipedia)<\/p>\n<\/div><\/div><\/div><\/div><\/div><\/div><\/div><\/div>","protected":false},"excerpt":{"rendered":"","protected":false},"author":1,"featured_media":0,"parent":0,"menu_order":0,"comment_status":"closed","ping_status":"closed","template":"","meta":{"footnotes":""},"class_list":["post-295","page","type-page","status-publish"],"_links":{"self":[{"href":"https:\/\/bwgs.de\/index.php?rest_route=\/wp\/v2\/pages\/295","targetHints":{"allow":["GET"]}}],"collection":[{"href":"https:\/\/bwgs.de\/index.php?rest_route=\/wp\/v2\/pages"}],"about":[{"href":"https:\/\/bwgs.de\/index.php?rest_route=\/wp\/v2\/types\/page"}],"author":[{"embeddable":true,"href":"https:\/\/bwgs.de\/index.php?rest_route=\/wp\/v2\/users\/1"}],"replies":[{"embeddable":true,"href":"https:\/\/bwgs.de\/index.php?rest_route=%2Fwp%2Fv2%2Fcomments&post=295"}],"version-history":[{"count":1,"href":"https:\/\/bwgs.de\/index.php?rest_route=\/wp\/v2\/pages\/295\/revisions"}],"predecessor-version":[{"id":3243,"href":"https:\/\/bwgs.de\/index.php?rest_route=\/wp\/v2\/pages\/295\/revisions\/3243"}],"wp:attachment":[{"href":"https:\/\/bwgs.de\/index.php?rest_route=%2Fwp%2Fv2%2Fmedia&parent=295"}],"curies":[{"name":"wp","href":"https:\/\/api.w.org\/{rel}","templated":true}]}}