{"id":254,"date":"2014-03-13T14:12:53","date_gmt":"2014-03-13T12:12:53","guid":{"rendered":"http:\/\/bwgs.de\/?page_id=254"},"modified":"2019-10-01T16:15:34","modified_gmt":"2019-10-01T14:15:34","slug":"imagebroschuere","status":"publish","type":"page","link":"https:\/\/bwgs.de\/?page_id=254","title":{"rendered":"Imagebrosch\u00fcre"},"content":{"rendered":"<p>Eine Brosch\u00fcre (im 18. Jahrhundert aus gleichbedeutend franz\u00f6sisch brochure entlehnt) ist ein Schriftwerk von geringem Umfang ohne Einband, das buchbinderisch als Broschur hergestellt wird. Brosch\u00fcren sind meist von nur aktuellem Interesse wie z. B. religi\u00f6se oder politische Kampfschriften, heute auch Gebrauchsanweisungen oder werbliche Produktinformationen. Die UNESCO-Statistik erfasst als Brosch\u00fcren die Werke unabh\u00e4ngig von der Verarbeitung mit max. 48 Seiten (drei Oktav-B\u00f6gen). (Quelle Wikipedia)<\/p>\n","protected":false},"excerpt":{"rendered":"<p>Eine Brosch\u00fcre (im 18. Jahrhundert aus gleichbedeutend franz\u00f6sisch brochure entlehnt) ist ein Schriftwerk von geringem Umfang ohne Einband, das buchbinderisch als Broschur hergestellt wird. Brosch\u00fcren sind meist von nur aktuellem Interesse wie z. B. religi\u00f6se oder politische Kampfschriften, heute auch Gebrauchsanweisungen oder werbliche Produktinformationen. Die UNESCO-Statistik erfasst als Brosch\u00fcren die Werke unabh\u00e4ngig von der Verarbeitung [&hellip;]<\/p>\n","protected":false},"author":1,"featured_media":0,"parent":0,"menu_order":0,"comment_status":"closed","ping_status":"closed","template":"","meta":{"footnotes":""},"class_list":["post-254","page","type-page","status-publish"],"_links":{"self":[{"href":"https:\/\/bwgs.de\/index.php?rest_route=\/wp\/v2\/pages\/254","targetHints":{"allow":["GET"]}}],"collection":[{"href":"https:\/\/bwgs.de\/index.php?rest_route=\/wp\/v2\/pages"}],"about":[{"href":"https:\/\/bwgs.de\/index.php?rest_route=\/wp\/v2\/types\/page"}],"author":[{"embeddable":true,"href":"https:\/\/bwgs.de\/index.php?rest_route=\/wp\/v2\/users\/1"}],"replies":[{"embeddable":true,"href":"https:\/\/bwgs.de\/index.php?rest_route=%2Fwp%2Fv2%2Fcomments&post=254"}],"version-history":[{"count":0,"href":"https:\/\/bwgs.de\/index.php?rest_route=\/wp\/v2\/pages\/254\/revisions"}],"wp:attachment":[{"href":"https:\/\/bwgs.de\/index.php?rest_route=%2Fwp%2Fv2%2Fmedia&parent=254"}],"curies":[{"name":"wp","href":"https:\/\/api.w.org\/{rel}","templated":true}]}}