{"id":201,"date":"2014-03-13T13:32:08","date_gmt":"2014-03-13T11:32:08","guid":{"rendered":"http:\/\/bwgs.de\/?page_id=201"},"modified":"2024-10-05T06:52:52","modified_gmt":"2024-10-05T04:52:52","slug":"packaging","status":"publish","type":"page","link":"https:\/\/bwgs.de\/?page_id=201","title":{"rendered":"Packaging"},"content":{"rendered":"<div id=\"tdi_1\" class=\"tdc-zone\"><div class=\"tdc_zone tdi_2  wpb_row td-pb-row\"  >\n<style scoped>\n\/* custom css - generated by TagDiv Composer *\/\n\n\/* custom css - generated by TagDiv Composer *\/\n.tdi_2{\r\n                    min-height: 0;\r\n                }\n<\/style><div id=\"tdi_3\" class=\"tdc-row\"><div class=\"vc_row tdi_4  wpb_row td-pb-row\" >\n<style scoped>\n\/* custom css - generated by TagDiv Composer *\/\n\n\/* custom css - generated by TagDiv Composer *\/\n.tdi_4,\r\n                .tdi_4 .tdc-columns{\r\n                    min-height: 0;\r\n                }.tdi_4,\r\n\t\t\t\t.tdi_4 .tdc-columns{\r\n\t\t\t\t    display: block;\r\n\t\t\t\t}.tdi_4 .tdc-columns{\r\n\t\t\t\t    width: 100%;\r\n\t\t\t\t}.tdi_4:before,\r\n\t\t\t\t.tdi_4:after{\r\n\t\t\t\t    display: table;\r\n\t\t\t\t}\n<\/style><div class=\"vc_column tdi_6  wpb_column vc_column_container tdc-column td-pb-span12\">\n<style scoped>\n\/* custom css - generated by TagDiv Composer *\/\n\n\/* custom css - generated by TagDiv Composer *\/\n.tdi_6{\r\n                    vertical-align: baseline;\r\n                }.tdi_6 > .wpb_wrapper,\r\n\t\t\t\t.tdi_6 > .wpb_wrapper > .tdc-elements{\r\n\t\t\t\t    display: block;\r\n\t\t\t\t}.tdi_6 > .wpb_wrapper > .tdc-elements{\r\n\t\t\t\t    width: 100%;\r\n\t\t\t\t}.tdi_6 > .wpb_wrapper > .vc_row_inner{\r\n\t\t\t\t    width: auto;\r\n\t\t\t\t}.tdi_6 > .wpb_wrapper{\r\n\t\t\t\t    width: auto;\r\n\t\t\t\t    height: auto;\r\n\t\t\t\t}\n<\/style><div class=\"wpb_wrapper\" ><div class=\"td_block_wrap td_block_text_with_title tdi_7 tagdiv-type td-pb-border-top td_block_template_1\"  data-td-block-uid=\"tdi_7\" >\n<style>\n\n\/* inline tdc_css att - generated by TagDiv Composer *\/\n\n\/* phone *\/\n@media (max-width: 767px)\n{\n.tdi_7{\nwidth:330px !important;\n}\n}\n\n<\/style>\n<style>\n\/* custom css - generated by TagDiv Composer *\/\n.td_block_text_with_title{\r\n                  margin-bottom: 44px;\r\n                  -webkit-transform: translateZ(0);\r\n                  transform: translateZ(0);\r\n                }.td_block_text_with_title p:last-child{\r\n                  margin-bottom: 0;\r\n                }.tdi_7,\r\n                .tdi_7 p{\r\n\t\t\t        font-family:Oswald !important;\r\n\t\t        }\n<\/style><div class=\"td-block-title-wrap\"><\/div><div class=\"td_mod_wrap td-fix-index\"><p><span style=\"color: #000000;\"><a style=\"color: #000000;\" title=\"Lago Bowling Center Karlsruhe\" href=\"http:\/\/www.lago-bowling.de\" target=\"_blank\" rel=\"noopener\">Eine Verpackung (in der Kaufmannssprache auch \u201eEmballage\u201c genannt) ist die gezielt angebrachte, wieder m\u00f6glichst ohne gr\u00f6\u00dferen Aufwand l\u00f6sbare Umh\u00fcllung eines Produktes. Der zu verpackende Gegenstand wird Packgut genannt, das fertig verpackte Produkt ist das Packst\u00fcck. Mehrere Packst\u00fccke des gleichen Packgutes bilden eine Sammelpackung. Der Begriff Packung kann sowohl synonym f\u00fcr Verpackung als auch f\u00fcr die Gesamtheit aus Packgut mit Verpackung stehen. Als Wirtschaftszweig spricht man heute allgemeiner auch von Packaging, von den Materialwissenschaften \u00fcber die Produktion bis zur Transportlogistik. Bestimmte Produkte wie Sch\u00fcttg\u00fcter, Fl\u00fcssigkeiten oder Gase werden in jeweils f\u00fcr sie geeigneten Beh\u00e4ltern verpackt (Tuben, Eimer, Flaschen, Kisten oder Dosen). Diese Produkte werden durch die Verpackung zu St\u00fcckg\u00fctern. Viele Produkte, insbesondere Lebensmittel, k\u00f6nnen ohne eine geeignete Verpackung nicht gelagert, verteilt oder verkauft werden. Eine Verpackung bildet dabei unter anderem aus einer oder mehreren Produkteinheiten eine logistische Einheit (engl. Unit Load, siehe Glossar der Logistik) und unterst\u00fctzt damit die jeweiligen Ablaufprozesse in Logistik und Handel. (Quelle Wikipedia) <\/a><\/span><\/p>\n<\/div><\/div><\/div><\/div><\/div><\/div><\/div><\/div>","protected":false},"excerpt":{"rendered":"","protected":false},"author":1,"featured_media":0,"parent":0,"menu_order":0,"comment_status":"closed","ping_status":"closed","template":"","meta":{"footnotes":""},"class_list":["post-201","page","type-page","status-publish"],"_links":{"self":[{"href":"https:\/\/bwgs.de\/index.php?rest_route=\/wp\/v2\/pages\/201","targetHints":{"allow":["GET"]}}],"collection":[{"href":"https:\/\/bwgs.de\/index.php?rest_route=\/wp\/v2\/pages"}],"about":[{"href":"https:\/\/bwgs.de\/index.php?rest_route=\/wp\/v2\/types\/page"}],"author":[{"embeddable":true,"href":"https:\/\/bwgs.de\/index.php?rest_route=\/wp\/v2\/users\/1"}],"replies":[{"embeddable":true,"href":"https:\/\/bwgs.de\/index.php?rest_route=%2Fwp%2Fv2%2Fcomments&post=201"}],"version-history":[{"count":1,"href":"https:\/\/bwgs.de\/index.php?rest_route=\/wp\/v2\/pages\/201\/revisions"}],"predecessor-version":[{"id":3258,"href":"https:\/\/bwgs.de\/index.php?rest_route=\/wp\/v2\/pages\/201\/revisions\/3258"}],"wp:attachment":[{"href":"https:\/\/bwgs.de\/index.php?rest_route=%2Fwp%2Fv2%2Fmedia&parent=201"}],"curies":[{"name":"wp","href":"https:\/\/api.w.org\/{rel}","templated":true}]}}